{"id":5863,"date":"2021-06-08T11:06:45","date_gmt":"2021-06-08T11:06:45","guid":{"rendered":"https:\/\/www.msdconnect.be\/fr\/?page_id=5863"},"modified":"2025-05-15T17:33:58","modified_gmt":"2025-05-15T17:33:58","slug":"explore-msd","status":"publish","type":"page","link":"https:\/\/www.msdconnect.be\/fr\/explore-msd\/","title":{"rendered":"Explorez MSD"},"content":{"rendered":"\n<nav class=\"wp-block-mconnect-theme-grid \">\n\t<ul class=\"is-grid-layout has-columns has-two-columns has-center-vertical-alignment\" >\n\t\t\n\n<li class=\"wp-block-mconnect-theme-grid-item grid-item has-red-border-color\">\n\t<div class=\"sub__entry__content\">\n\t\t\n\n<figure class=\"wp-block-image size-large\"><img loading=\"lazy\" decoding=\"async\" width=\"682\" height=\"292\" src=\"https:\/\/www.msdconnect.be\/fr\/wp-content\/uploads\/sites\/15\/2021\/06\/explore-msd-banner-1_tcm5568-1226428.jpg?w=682\" alt=\"accueil\" class=\"wp-image-5865\" srcset=\"https:\/\/www.msdconnect.be\/fr\/wp-content\/uploads\/sites\/15\/2021\/06\/explore-msd-banner-1_tcm5568-1226428.jpg 682w, https:\/\/www.msdconnect.be\/fr\/wp-content\/uploads\/sites\/15\/2021\/06\/explore-msd-banner-1_tcm5568-1226428.jpg?resize=300,128 300w, https:\/\/www.msdconnect.be\/fr\/wp-content\/uploads\/sites\/15\/2021\/06\/explore-msd-banner-1_tcm5568-1226428.jpg?resize=320,137 320w, https:\/\/www.msdconnect.be\/fr\/wp-content\/uploads\/sites\/15\/2021\/06\/explore-msd-banner-1_tcm5568-1226428.jpg?resize=120,51 120w\" sizes=\"auto, (max-width: 682px) 100vw, 682px\" \/><\/figure>\n\n\n\n<p class=\"   mhh-mcn-v1-paragraph mhh-mcn-v1-paragraph--0a37a1a6998d9d20e00a1e0d51dc3060\">MSD est une soci\u00e9t\u00e9 pharmaceutique mondiale bas\u00e9e sur la recherche et d\u00e9di\u00e9e aux patients. Avec ses m\u00e9dicaments, ses vaccins, ses th\u00e9rapies biologiques, ses produits de sant\u00e9 animale et grand public, MSD propose des solutions innovantes pour am\u00e9liorer la sant\u00e9 et l\u2019esp\u00e9rance de vie de chacun.<\/p>\n\n\n\n<div class=\"wp-block-buttons alignright is-horizontal is-content-justification-right is-layout-flex wp-container-core-buttons-is-layout-ae2fe186 wp-block-buttons-is-layout-flex\">\n<div class=\"wp-block-button has-custom-font-size is-style-secondary has-positive-1-font-size\"><a class=\"wp-block-button__link wp-element-button\" href=\"https:\/\/www.msd-belgium.be\/en\/home\/\" target=\"_blank\" rel=\"noreferrer noopener\"><strong>D\u00e9couvrir<\/strong><\/a><\/div>\n<\/div>\n\n\t<\/div>\n<\/li>\n\n\n\n<li class=\"wp-block-mconnect-theme-grid-item grid-item has-red-border-color\">\n\t<div class=\"sub__entry__content\">\n\t\t\n\n<p class=\"   mhh-mcn-v1-paragraph mhh-mcn-v1-paragraph--1471eb2c3107c5aacd41a3c5209b7fd2\"><\/p>\n\n\t<\/div>\n<\/li>\n\n\t<\/ul>\n<\/nav>\n","protected":false},"excerpt":{"rendered":"","protected":false},"author":125,"featured_media":0,"parent":0,"menu_order":35,"comment_status":"closed","ping_status":"closed","template":"","meta":{"_mhh_sticky_footer_settings":{"entityId":87780},"_mhh_sticky_footer_posts":"","_mhh_sticky_footer_expanded":false,"_mhh_mcn_text_direction":"","_mhh_mcn_language":"","_mhh_mcn_left_sidebar_settings":{"entityId":0},"_mhh_mcn_sidebar_settings":{"entityId":0},"mhh_mcn_side_navigation_style":{"fontSize":{"l":"","m":"","s":""},"lineHeight":{"l":1.5,"m":1.5,"s":1.5},"itemColor":"","hoverItemColor":"","currentItemColor":"","borderItemColor":"","backgroundItemHoverColor":"","themeColor":""},"_mhh_mcn_child_page_navigation":{"isActive":false,"isSticky":false},"hide_header":false,"show_top_bar":false,"hide_footer":false,"full_width_layout":false,"icon":null,"job_code":"","primary_tag":0,"editor_notices":[],"footnotes":"","mconnectIsArchiveTemplate":false,"mconnectArchiveFiltersDisabled":false,"mconnectArchiveLockAllPresetFilters":false,"mconnectArchiveHidePageSubmenu":false,"mconnectArchiveShowParentPageOnly":false,"mconnectArchiveDefaultOrder":"DESC","mconnectArchiveDefaultOrderBy":"date","mconnectArchivePostsPerPage":12,"mconnectArchivePostTypes":[],"mconnectArchiveAllowFilterBy":["category","tx-content-type","tx-product","tx-pathology","tx-active-ingredient","tx-therapeutic-area"],"mconnectArchiveFilterSorting":["active","is_keyword"],"mconnectArchiveContentItemStyle":{"showExcerpt":true,"showImage":true,"showIcon":false,"showPrimaryTag":true,"showBorder":false,"showDates":false,"showCta":true,"isCard":false,"hasBackground":false,"showMetadata":true},"mconnectArchiveLayout":{"type":"list","hasFeatured":false},"mconnectDynamicTaxonomyEntities":[],"mconnectArchiveTerms_category":[],"mconnectArchiveAllowTerms_category":[],"mconnectArchiveTerms_tx-content-type":[],"mconnectArchiveAllowTerms_tx-content-type":[],"mconnectArchiveTerms_tx-product":[],"mconnectArchiveAllowTerms_tx-product":[],"mconnectArchiveTerms_tx-pathology":[],"mconnectArchiveAllowTerms_tx-pathology":[],"mconnectArchiveTerms_tx-active-ingredient":[],"mconnectArchiveAllowTerms_tx-active-ingredient":[],"mconnectArchiveTerms_tx-therapeutic-area":[],"mconnectArchiveAllowTerms_tx-therapeutic-area":[],"mconnectArchiveAllowTerms_dynamic-taxonomy":[],"mconnectArchiveLegacyDefaultTermsApplied":false,"mconnectContentUpdatesPerPage":10,"mconnectContentUpdatesViewMoreUrl":"","mconnectContentUpdatesTerms_tx-content-type":[],"mconnectContentUpdatesTerms_tx-product":[],"mconnectContentUpdatesTerms_tx-pathology":[],"mconnectContentUpdatesTerms_tx-active-ingredient":[],"mconnectContentUpdatesTerms_tx-therapeutic-area":[],"sidebar_toogle":0,"sidebar_toogle_notification_warning":true,"sidebar_toogle_notification_alert":true,"content_expiration_sidebar_date":"","content_expiration_sidebar_expired_post_status":"","content_expiration_sidebar_redirection":""},"categories":[],"tags":[],"ga4_page_audience":[],"ga4_page_birn_id":[],"ga4_page_branding":[1256],"ga4_page_businessunit":[],"ga4_page_campaign":[],"ga4_page_content_purpose":[],"ga4_page_customer_journey_stage":[],"ga4_page_customer_specialty":[],"ga4_page_experience":[],"ga4_page_indication":[],"ga4_page_material_intent":[1533],"ga4_page_product":[],"ga4_page_region":[],"ga4_page_therapeuticarea":[],"tx-therapeutic-area":[],"tx-product":[],"tx-pathology":[],"tx-content-type":[],"tx-active-ingredient":[],"mhh-area-of-interest":[],"access":[],"user_status":[],"user_role":[],"class_list":["post-5863","page","type-page","status-publish","hentry"],"yoast_head":"<!-- This site is optimized with the Yoast SEO plugin v23.9 - https:\/\/yoast.com\/wordpress\/plugins\/seo\/ -->\n<title>Explorez MSD - MSD Belgium - FR<\/title>\n<meta name=\"robots\" content=\"index, follow, max-snippet:-1, max-image-preview:large, max-video-preview:-1\" \/>\n<link rel=\"canonical\" href=\"https:\/\/www.msdconnect.be\/fr\/explore-msd\/\" \/>\n<meta property=\"og:locale\" content=\"fr_FR\" \/>\n<meta property=\"og:type\" content=\"article\" \/>\n<meta property=\"og:title\" content=\"Explorez MSD - MSD Belgium - FR\" \/>\n<meta property=\"og:url\" content=\"https:\/\/www.msdconnect.be\/fr\/explore-msd\/\" \/>\n<meta property=\"og:site_name\" content=\"MSD Belgium - FR\" \/>\n<meta property=\"article:modified_time\" content=\"2025-05-15T17:33:58+00:00\" \/>\n<meta property=\"og:image\" content=\"https:\/\/www.msdconnect.be\/fr\/wp-content\/uploads\/sites\/15\/2021\/06\/explore-msd-banner-1_tcm5568-1226428.jpg?w=682\" \/>\n<meta name=\"twitter:card\" content=\"summary_large_image\" \/>\n<meta name=\"twitter:label1\" content=\"Dur\u00e9e de lecture est.\" \/>\n\t<meta name=\"twitter:data1\" content=\"1 minute\" \/>\n<script type=\"application\/ld+json\" class=\"yoast-schema-graph\">{\"@context\":\"https:\/\/schema.org\",\"@graph\":[{\"@type\":\"WebPage\",\"@id\":\"https:\/\/www.msdconnect.be\/fr\/explore-msd\/\",\"url\":\"https:\/\/www.msdconnect.be\/fr\/explore-msd\/\",\"name\":\"Explorez MSD - MSD Belgium - FR\",\"isPartOf\":{\"@id\":\"https:\/\/www.msdconnect.be\/fr\/#website\"},\"primaryImageOfPage\":{\"@id\":\"https:\/\/www.msdconnect.be\/fr\/explore-msd\/#primaryimage\"},\"image\":{\"@id\":\"https:\/\/www.msdconnect.be\/fr\/explore-msd\/#primaryimage\"},\"thumbnailUrl\":\"https:\/\/www.msdconnect.be\/fr\/wp-content\/uploads\/sites\/15\/2021\/06\/explore-msd-banner-1_tcm5568-1226428.jpg?w=682\",\"datePublished\":\"2021-06-08T11:06:45+00:00\",\"dateModified\":\"2025-05-15T17:33:58+00:00\",\"breadcrumb\":{\"@id\":\"https:\/\/www.msdconnect.be\/fr\/explore-msd\/#breadcrumb\"},\"inLanguage\":\"fr-BE\",\"potentialAction\":[{\"@type\":\"ReadAction\",\"target\":[\"https:\/\/www.msdconnect.be\/fr\/explore-msd\/\"]}]},{\"@type\":\"ImageObject\",\"inLanguage\":\"fr-BE\",\"@id\":\"https:\/\/www.msdconnect.be\/fr\/explore-msd\/#primaryimage\",\"url\":\"https:\/\/www.msdconnect.be\/fr\/wp-content\/uploads\/sites\/15\/2021\/06\/explore-msd-banner-1_tcm5568-1226428.jpg\",\"contentUrl\":\"https:\/\/www.msdconnect.be\/fr\/wp-content\/uploads\/sites\/15\/2021\/06\/explore-msd-banner-1_tcm5568-1226428.jpg\",\"width\":682,\"height\":292,\"caption\":\"accueil\"},{\"@type\":\"BreadcrumbList\",\"@id\":\"https:\/\/www.msdconnect.be\/fr\/explore-msd\/#breadcrumb\",\"itemListElement\":[{\"@type\":\"ListItem\",\"position\":1,\"name\":\"Home\",\"item\":\"https:\/\/www.msdconnect.be\/fr\/\"},{\"@type\":\"ListItem\",\"position\":2,\"name\":\"Explorez MSD\"}]},{\"@type\":\"WebSite\",\"@id\":\"https:\/\/www.msdconnect.be\/fr\/#website\",\"url\":\"https:\/\/www.msdconnect.be\/fr\/\",\"name\":\"MSD Belgium - FR\",\"description\":\"\",\"publisher\":{\"@id\":\"https:\/\/www.msdconnect.be\/fr\/#organization\"},\"potentialAction\":[{\"@type\":\"SearchAction\",\"target\":{\"@type\":\"EntryPoint\",\"urlTemplate\":\"https:\/\/www.msdconnect.be\/fr\/?s={search_term_string}\"},\"query-input\":{\"@type\":\"PropertyValueSpecification\",\"valueRequired\":true,\"valueName\":\"search_term_string\"}}],\"inLanguage\":\"fr-BE\"},{\"@type\":\"Organization\",\"@id\":\"https:\/\/www.msdconnect.be\/fr\/#organization\",\"name\":\"MSD Belgium\",\"url\":\"https:\/\/www.msdconnect.be\/fr\/\",\"logo\":{\"@type\":\"ImageObject\",\"inLanguage\":\"fr-BE\",\"@id\":\"https:\/\/www.msdconnect.be\/fr\/#\/schema\/logo\/image\/\",\"url\":\"https:\/\/www.msdconnect.be\/fr\/wp-content\/uploads\/sites\/15\/2022\/04\/MSD_Logo_Horizontal_TealGrey_RGB.gif\",\"contentUrl\":\"https:\/\/www.msdconnect.be\/fr\/wp-content\/uploads\/sites\/15\/2022\/04\/MSD_Logo_Horizontal_TealGrey_RGB.gif\",\"width\":340,\"height\":131,\"caption\":\"MSD Belgium\"},\"image\":{\"@id\":\"https:\/\/www.msdconnect.be\/fr\/#\/schema\/logo\/image\/\"}}]}<\/script>\n<!-- \/ Yoast SEO plugin. -->","yoast_head_json":{"title":"Explorez MSD - MSD Belgium - FR","robots":{"index":"index","follow":"follow","max-snippet":"max-snippet:-1","max-image-preview":"max-image-preview:large","max-video-preview":"max-video-preview:-1"},"canonical":"https:\/\/www.msdconnect.be\/fr\/explore-msd\/","og_locale":"fr_FR","og_type":"article","og_title":"Explorez MSD - MSD Belgium - FR","og_url":"https:\/\/www.msdconnect.be\/fr\/explore-msd\/","og_site_name":"MSD Belgium - FR","article_modified_time":"2025-05-15T17:33:58+00:00","og_image":[{"url":"https:\/\/www.msdconnect.be\/fr\/wp-content\/uploads\/sites\/15\/2021\/06\/explore-msd-banner-1_tcm5568-1226428.jpg?w=682"}],"twitter_card":"summary_large_image","twitter_misc":{"Dur\u00e9e de lecture est.":"1 minute"},"schema":{"@context":"https:\/\/schema.org","@graph":[{"@type":"WebPage","@id":"https:\/\/www.msdconnect.be\/fr\/explore-msd\/","url":"https:\/\/www.msdconnect.be\/fr\/explore-msd\/","name":"Explorez MSD - MSD Belgium - FR","isPartOf":{"@id":"https:\/\/www.msdconnect.be\/fr\/#website"},"primaryImageOfPage":{"@id":"https:\/\/www.msdconnect.be\/fr\/explore-msd\/#primaryimage"},"image":{"@id":"https:\/\/www.msdconnect.be\/fr\/explore-msd\/#primaryimage"},"thumbnailUrl":"https:\/\/www.msdconnect.be\/fr\/wp-content\/uploads\/sites\/15\/2021\/06\/explore-msd-banner-1_tcm5568-1226428.jpg?w=682","datePublished":"2021-06-08T11:06:45+00:00","dateModified":"2025-05-15T17:33:58+00:00","breadcrumb":{"@id":"https:\/\/www.msdconnect.be\/fr\/explore-msd\/#breadcrumb"},"inLanguage":"fr-BE","potentialAction":[{"@type":"ReadAction","target":["https:\/\/www.msdconnect.be\/fr\/explore-msd\/"]}]},{"@type":"ImageObject","inLanguage":"fr-BE","@id":"https:\/\/www.msdconnect.be\/fr\/explore-msd\/#primaryimage","url":"https:\/\/www.msdconnect.be\/fr\/wp-content\/uploads\/sites\/15\/2021\/06\/explore-msd-banner-1_tcm5568-1226428.jpg","contentUrl":"https:\/\/www.msdconnect.be\/fr\/wp-content\/uploads\/sites\/15\/2021\/06\/explore-msd-banner-1_tcm5568-1226428.jpg","width":682,"height":292,"caption":"accueil"},{"@type":"BreadcrumbList","@id":"https:\/\/www.msdconnect.be\/fr\/explore-msd\/#breadcrumb","itemListElement":[{"@type":"ListItem","position":1,"name":"Home","item":"https:\/\/www.msdconnect.be\/fr\/"},{"@type":"ListItem","position":2,"name":"Explorez MSD"}]},{"@type":"WebSite","@id":"https:\/\/www.msdconnect.be\/fr\/#website","url":"https:\/\/www.msdconnect.be\/fr\/","name":"MSD Belgium - FR","description":"","publisher":{"@id":"https:\/\/www.msdconnect.be\/fr\/#organization"},"potentialAction":[{"@type":"SearchAction","target":{"@type":"EntryPoint","urlTemplate":"https:\/\/www.msdconnect.be\/fr\/?s={search_term_string}"},"query-input":{"@type":"PropertyValueSpecification","valueRequired":true,"valueName":"search_term_string"}}],"inLanguage":"fr-BE"},{"@type":"Organization","@id":"https:\/\/www.msdconnect.be\/fr\/#organization","name":"MSD Belgium","url":"https:\/\/www.msdconnect.be\/fr\/","logo":{"@type":"ImageObject","inLanguage":"fr-BE","@id":"https:\/\/www.msdconnect.be\/fr\/#\/schema\/logo\/image\/","url":"https:\/\/www.msdconnect.be\/fr\/wp-content\/uploads\/sites\/15\/2022\/04\/MSD_Logo_Horizontal_TealGrey_RGB.gif","contentUrl":"https:\/\/www.msdconnect.be\/fr\/wp-content\/uploads\/sites\/15\/2022\/04\/MSD_Logo_Horizontal_TealGrey_RGB.gif","width":340,"height":131,"caption":"MSD Belgium"},"image":{"@id":"https:\/\/www.msdconnect.be\/fr\/#\/schema\/logo\/image\/"}}]}},"_links":{"self":[{"href":"https:\/\/www.msdconnect.be\/fr\/wp-json\/wp\/v2\/pages\/5863","targetHints":{"allow":["GET"]}}],"collection":[{"href":"https:\/\/www.msdconnect.be\/fr\/wp-json\/wp\/v2\/pages"}],"about":[{"href":"https:\/\/www.msdconnect.be\/fr\/wp-json\/wp\/v2\/types\/page"}],"author":[{"embeddable":true,"href":"https:\/\/www.msdconnect.be\/fr\/wp-json\/wp\/v2\/users\/125"}],"replies":[{"embeddable":true,"href":"https:\/\/www.msdconnect.be\/fr\/wp-json\/wp\/v2\/comments?post=5863"}],"version-history":[{"count":10,"href":"https:\/\/www.msdconnect.be\/fr\/wp-json\/wp\/v2\/pages\/5863\/revisions"}],"predecessor-version":[{"id":87867,"href":"https:\/\/www.msdconnect.be\/fr\/wp-json\/wp\/v2\/pages\/5863\/revisions\/87867"}],"wp:attachment":[{"href":"https:\/\/www.msdconnect.be\/fr\/wp-json\/wp\/v2\/media?parent=5863"}],"wp:term":[{"taxonomy":"category","embeddable":true,"href":"https:\/\/www.msdconnect.be\/fr\/wp-json\/wp\/v2\/categories?post=5863"},{"taxonomy":"post_tag","embeddable":true,"href":"https:\/\/www.msdconnect.be\/fr\/wp-json\/wp\/v2\/tags?post=5863"},{"taxonomy":"ga4_page_audience","embeddable":true,"href":"https:\/\/www.msdconnect.be\/fr\/wp-json\/wp\/v2\/ga4_page_audience?post=5863"},{"taxonomy":"ga4_page_birn_id","embeddable":true,"href":"https:\/\/www.msdconnect.be\/fr\/wp-json\/wp\/v2\/ga4_page_birn_id?post=5863"},{"taxonomy":"ga4_page_branding","embeddable":true,"href":"https:\/\/www.msdconnect.be\/fr\/wp-json\/wp\/v2\/ga4_page_branding?post=5863"},{"taxonomy":"ga4_page_businessunit","embeddable":true,"href":"https:\/\/www.msdconnect.be\/fr\/wp-json\/wp\/v2\/ga4_page_businessunit?post=5863"},{"taxonomy":"ga4_page_campaign","embeddable":true,"href":"https:\/\/www.msdconnect.be\/fr\/wp-json\/wp\/v2\/ga4_page_campaign?post=5863"},{"taxonomy":"ga4_page_content_purpose","embeddable":true,"href":"https:\/\/www.msdconnect.be\/fr\/wp-json\/wp\/v2\/ga4_page_content_purpose?post=5863"},{"taxonomy":"ga4_page_customer_journey_stage","embeddable":true,"href":"https:\/\/www.msdconnect.be\/fr\/wp-json\/wp\/v2\/ga4_page_customer_journey_stage?post=5863"},{"taxonomy":"ga4_page_customer_specialty","embeddable":true,"href":"https:\/\/www.msdconnect.be\/fr\/wp-json\/wp\/v2\/ga4_page_customer_specialty?post=5863"},{"taxonomy":"ga4_page_experience","embeddable":true,"href":"https:\/\/www.msdconnect.be\/fr\/wp-json\/wp\/v2\/ga4_page_experience?post=5863"},{"taxonomy":"ga4_page_indication","embeddable":true,"href":"https:\/\/www.msdconnect.be\/fr\/wp-json\/wp\/v2\/ga4_page_indication?post=5863"},{"taxonomy":"ga4_page_material_intent","embeddable":true,"href":"https:\/\/www.msdconnect.be\/fr\/wp-json\/wp\/v2\/ga4_page_material_intent?post=5863"},{"taxonomy":"ga4_page_product","embeddable":true,"href":"https:\/\/www.msdconnect.be\/fr\/wp-json\/wp\/v2\/ga4_page_product?post=5863"},{"taxonomy":"ga4_page_region","embeddable":true,"href":"https:\/\/www.msdconnect.be\/fr\/wp-json\/wp\/v2\/ga4_page_region?post=5863"},{"taxonomy":"ga4_page_therapeuticarea","embeddable":true,"href":"https:\/\/www.msdconnect.be\/fr\/wp-json\/wp\/v2\/ga4_page_therapeuticarea?post=5863"},{"taxonomy":"tx-therapeutic-area","embeddable":true,"href":"https:\/\/www.msdconnect.be\/fr\/wp-json\/wp\/v2\/tx-therapeutic-area?post=5863"},{"taxonomy":"tx-product","embeddable":true,"href":"https:\/\/www.msdconnect.be\/fr\/wp-json\/wp\/v2\/tx-product?post=5863"},{"taxonomy":"tx-pathology","embeddable":true,"href":"https:\/\/www.msdconnect.be\/fr\/wp-json\/wp\/v2\/tx-pathology?post=5863"},{"taxonomy":"tx-content-type","embeddable":true,"href":"https:\/\/www.msdconnect.be\/fr\/wp-json\/wp\/v2\/tx-content-type?post=5863"},{"taxonomy":"tx-active-ingredient","embeddable":true,"href":"https:\/\/www.msdconnect.be\/fr\/wp-json\/wp\/v2\/tx-active-ingredient?post=5863"},{"taxonomy":"mhh-area-of-interest","embeddable":true,"href":"https:\/\/www.msdconnect.be\/fr\/wp-json\/wp\/v2\/mhh-area-of-interest?post=5863"},{"taxonomy":"access","embeddable":true,"href":"https:\/\/www.msdconnect.be\/fr\/wp-json\/wp\/v2\/access?post=5863"},{"taxonomy":"user_status","embeddable":true,"href":"https:\/\/www.msdconnect.be\/fr\/wp-json\/wp\/v2\/user_status?post=5863"},{"taxonomy":"user_role","embeddable":true,"href":"https:\/\/www.msdconnect.be\/fr\/wp-json\/wp\/v2\/user_role?post=5863"}],"curies":[{"name":"wp","href":"https:\/\/api.w.org\/{rel}","templated":true}]}}